{"id":7089,"date":"2021-03-02T10:36:16","date_gmt":"2021-03-02T07:36:16","guid":{"rendered":"https:\/\/samisamin.com\/?page_id=7089"},"modified":"2021-03-02T10:55:20","modified_gmt":"2021-03-02T07:55:20","slug":"burun-estetigi","status":"publish","type":"page","link":"https:\/\/www.samisamin.com\/tr\/burun-estetigi\/","title":{"rendered":"Burun Esteti\u011fi"},"content":{"rendered":"<p>[vc_section text_align=&#8221;center-md-sm-ms&#8221;][vc_row][vc_column]<div class=\"es-resp\">\t<div class=\"visible-xl\" style=\"height: 64px;\"><\/div>\t<div class=\"hidden-xl hidden-md hidden-sm hidden-ms hidden-xs\" style=\"height: 64px;\"><\/div>\t<div class=\"visible-md\" style=\"height: 32px;\"><\/div>\t<div class=\"visible-sm \" style=\"height: 32px;\"><\/div>\t<div class=\"visible-ms\" style=\"height: 32px;\"><\/div>\t<div class=\"visible-xs\" style=\"height: 32px;\"><\/div><\/div>[\/vc_column][\/vc_row][vc_row][vc_column text_align=&#8221;center-md-sm-ms&#8221; offset=&#8221;vc_col-lg-6&#8243;]<div class=\"heading  default align-left color-black subcolor-main transform-default has-subheader icon-type-hidden heading-tag-h2\" id=\"like_sc_header_317105862\"><h6 class=\"subheader ltx-sr-id-like_sc_header_3171058621396252843 ltx-sr ltx-sr-effect-fade_in ltx-sr-el-block ltx-sr-delay-100 ltx-sr-duration-300 ltx-sr-sequences-50\">Rinoplasti<\/h6><h2 class=\"header ltx-sr-id-like_sc_header_3171058621218711013 ltx-sr ltx-sr-effect-fade_in ltx-sr-el-block ltx-sr-delay-0 ltx-sr-duration-1000 ltx-sr-sequences-0\">Burun Esteti\u011fi<\/h2><\/div><div class=\"ltx-content-width col-align-left\" id=\"like_sc_content_width_2062842944\" style=\"max-width: 620px\"><div class=\"ltx-wrapper\">[vc_column_text]Rinoplasti, burunun \u015feklini de\u011fi\u015ftirmeye y\u00f6nelik uygulanan bir cerrah\u0131 i\u015flemdir. Burnumuz y\u00fcz\u00fcm\u00fcz\u00fcn orta k\u0131sm\u0131nda yer ald\u0131\u011f\u0131 i\u00e7in e\u011frilikleri ve d\u00fczensizlikleri en s\u0131k g\u00f6ze batan organd\u0131r.Burunla ilgili problemler ki\u015fiden ki\u015fiye \u00e7ok farkl\u0131d\u0131r ve genellikle ki\u015fiye ve y\u00fcz yap\u0131s\u0131na \u00f6zeldir. Bundan dolay\u0131, her burun yap\u0131s\u0131 ve y\u00fcz yap\u0131s\u0131n\u0131n farkl\u0131 olmas\u0131ndan dolay\u0131 rinoplasti( burun esteti\u011fi) ameliyat\u0131da ki\u015fiye ve y\u00fcze \u00f6zel tasarlanarak yap\u0131lmal\u0131d\u0131r.<\/p>\n<p>Rinoplasti ile burnunuzdaki probleme g\u00f6re yap\u0131lacak m\u00fcdahale ve teknik size \u00f6zel olarak uygulan\u0131r. Genel olarak kullan\u0131lan a\u00e7\u0131k ( burun ucuna yakla\u015f\u0131k 1 cm lik kesi yap\u0131larak) ve kapal\u0131 (burun d\u0131\u015f\u0131na kesi yap\u0131lmadan) teknik dedi\u011fimiz iki teknik bulunmaktad\u0131r. Bu tekniklerin birbirlerine g\u00f6re avantajlar\u0131 bulunmakla birlikte \u00f6nemli olan sizin burnunuzdaki problemi en iyi \u015fekilde \u00e7\u00f6zmek i\u00e7in doktorunuzun size \u00f6nerece\u011fi y\u00f6ntemdir.<\/p>\n<p>Rinoplasti\u2019 yi \u201cburunun yeniden \u015fekillendirilmesi\u201d olarakta tarifleyebiliriz. Rinoplasti ile burun ucunun veya k\u00f6pr\u00fc (kemer) olarak tabir edilen burun s\u0131rt\u0131n\u0131n \u015fekli de\u011fi\u015ftirilebilir, burun delikleri daralt\u0131labilir ya da burun ve \u00fcst dudak aras\u0131ndaki a\u00e7\u0131 de\u011fi\u015ftirilerek burun ucunuz y\u00fckseltilebilir veya uzun bir burun ucu d\u00fc\u015f\u00fcr\u00fclebilir. Kemerli burunlarda kemer k\u0131sm\u0131 \u00e7ok hassas bir \u015fekilde t\u00f6rp\u00fclenerek burun s\u0131rt\u0131 y\u00fcz\u00fcn\u00fcze uygun estetik s\u0131n\u0131rlara indirilir.<\/p>\n<p>T\u00fcm rinoplastiler kozmetik nedenlerle yap\u0131lmaz, rinoplasti ile septoplasti ve alt konka radyofrekans\u0131 i\u015flemlerini ayn\u0131 ameliyatta birle\u015ftirerek ayr\u0131ca burun t\u0131kan\u0131kl\u0131klar\u0131na neden olan ve solunun zorlu\u011fu olu\u015fturan burundaki kemik e\u011frilikleri ,et b\u00fcy\u00fcmesi ve horlamaya neden olan t\u0131kan\u0131kl\u0131klarda d\u00fczeltilebilir[\/vc_column_text]<\/div><\/div><div class=\"es-resp\">\t<div class=\"visible-xl\" style=\"height: 24px;\"><\/div>\t<div class=\"hidden-xl hidden-md hidden-sm hidden-ms hidden-xs\" style=\"height: 24px;\"><\/div>\t<div class=\"visible-md\" style=\"height: 24px;\"><\/div>\t<div class=\"visible-sm \" style=\"height: 24px;\"><\/div>\t<div class=\"visible-ms\" style=\"height: 24px;\"><\/div>\t<div class=\"visible-xs\" style=\"height: 24px;\"><\/div><\/div><div class=\"btn-wrap\"><a href=\"\/contacts\/\"  class=\"btn  btn-default color-hover-default\" id=\"like_sc_button_287498328\">\u015eimdi \u0130leti\u015fime Ge\u00e7<\/a><\/div>[\/vc_column][vc_column offset=&#8221;vc_col-lg-6&#8243;]<div class=\"es-resp\">\t<div class=\"visible-xl\" style=\"height: 16px;\"><\/div>\t<div class=\"hidden-xl hidden-md hidden-sm hidden-ms hidden-xs\" style=\"height: 16px;\"><\/div>\t<div class=\"visible-md\" style=\"height: 16px;\"><\/div>\t<div class=\"visible-sm \" style=\"height: 16px;\"><\/div>\t<div class=\"visible-ms\" style=\"height: 16px;\"><\/div>\t<div class=\"visible-xs\" style=\"height: 16px;\"><\/div><\/div>[vc_single_image image=&#8221;6725&#8243; img_size=&#8221;large&#8221; alignment=&#8221;right&#8221;][\/vc_column][\/vc_row][\/vc_section]<\/p>\n","protected":false},"excerpt":{"rendered":"<p>[vc_section text_align=&#8221;center-md-sm-ms&#8221;][vc_row][vc_column][\/vc_column][\/vc_row][vc_row][vc_column text_align=&#8221;center-md-sm-ms&#8221; offset=&#8221;vc_col-lg-6&#8243;][\/vc_column][vc_column offset=&#8221;vc_col-lg-6&#8243;][vc_single_image image=&#8221;6725&#8243; img_size=&#8221;large&#8221; alignment=&#8221;right&#8221;][\/vc_column][\/vc_row][\/vc_section]<\/p>\n","protected":false},"author":3,"featured_media":0,"parent":0,"menu_order":0,"comment_status":"closed","ping_status":"closed","template":"","meta":{"footnotes":""},"class_list":["post-7089","page","type-page","status-publish","hentry"],"yoast_head":"<!-- This site is optimized with the Yoast SEO Premium plugin v18.1 (Yoast SEO v27.5) - https:\/\/yoast.com\/product\/yoast-seo-premium-wordpress\/ -->\n<title>Burun Esteti\u011fi - Sami Samin<\/title>\n<meta name=\"robots\" content=\"index, follow, max-snippet:-1, max-image-preview:large, max-video-preview:-1\" \/>\n<link rel=\"canonical\" href=\"https:\/\/www.samisamin.com\/tr\/burun-estetigi\/\" \/>\n<meta property=\"og:locale\" content=\"tr_TR\" \/>\n<meta property=\"og:type\" content=\"article\" \/>\n<meta property=\"og:title\" content=\"Burun Esteti\u011fi\" \/>\n<meta property=\"og:description\" content=\"[vc_section text_align=&#8221;center-md-sm-ms&#8221;][vc_row][vc_column][\/vc_column][\/vc_row][vc_row][vc_column text_align=&#8221;center-md-sm-ms&#8221; offset=&#8221;vc_col-lg-6&#8243;][\/vc_column][vc_column offset=&#8221;vc_col-lg-6&#8243;][vc_single_image image=&#8221;6725&#8243; img_size=&#8221;large&#8221; alignment=&#8221;right&#8221;][\/vc_column][\/vc_row][\/vc_section]\" \/>\n<meta property=\"og:url\" content=\"https:\/\/www.samisamin.com\/tr\/burun-estetigi\/\" \/>\n<meta property=\"og:site_name\" content=\"Sami Samin\" \/>\n<meta property=\"article:modified_time\" content=\"2021-03-02T07:55:20+00:00\" \/>\n<meta name=\"twitter:card\" content=\"summary_large_image\" \/>\n<meta name=\"twitter:label1\" content=\"Tahmini okuma s\u00fcresi\" \/>\n\t<meta name=\"twitter:data1\" content=\"3 dakika\" \/>\n<script type=\"application\/ld+json\" class=\"yoast-schema-graph\">{\"@context\":\"https:\\\/\\\/schema.org\",\"@graph\":[{\"@type\":\"WebPage\",\"@id\":\"https:\\\/\\\/www.samisamin.com\\\/tr\\\/burun-estetigi\\\/\",\"url\":\"https:\\\/\\\/www.samisamin.com\\\/tr\\\/burun-estetigi\\\/\",\"name\":\"Burun Esteti\u011fi - Sami Samin\",\"isPartOf\":{\"@id\":\"https:\\\/\\\/www.samisamin.com\\\/#website\"},\"datePublished\":\"2021-03-02T07:36:16+00:00\",\"dateModified\":\"2021-03-02T07:55:20+00:00\",\"breadcrumb\":{\"@id\":\"https:\\\/\\\/www.samisamin.com\\\/tr\\\/burun-estetigi\\\/#breadcrumb\"},\"inLanguage\":\"tr\",\"potentialAction\":[{\"@type\":\"ReadAction\",\"target\":[\"https:\\\/\\\/www.samisamin.com\\\/tr\\\/burun-estetigi\\\/\"]}]},{\"@type\":\"BreadcrumbList\",\"@id\":\"https:\\\/\\\/www.samisamin.com\\\/tr\\\/burun-estetigi\\\/#breadcrumb\",\"itemListElement\":[{\"@type\":\"ListItem\",\"position\":1,\"name\":\"Sami Samin\",\"item\":\"https:\\\/\\\/www.samisamin.com\\\/tr\\\/\"},{\"@type\":\"ListItem\",\"position\":2,\"name\":\"Burun Esteti\u011fi\"}]},{\"@type\":\"WebSite\",\"@id\":\"https:\\\/\\\/www.samisamin.com\\\/#website\",\"url\":\"https:\\\/\\\/www.samisamin.com\\\/\",\"name\":\"Sami Samin\",\"description\":\"Estetik Cerrahi\",\"publisher\":{\"@id\":\"https:\\\/\\\/www.samisamin.com\\\/#\\\/schema\\\/person\\\/e160c760103b8eb60455d641de09d996\"},\"potentialAction\":[{\"@type\":\"SearchAction\",\"target\":{\"@type\":\"EntryPoint\",\"urlTemplate\":\"https:\\\/\\\/www.samisamin.com\\\/?s={search_term_string}\"},\"query-input\":{\"@type\":\"PropertyValueSpecification\",\"valueRequired\":true,\"valueName\":\"search_term_string\"}}],\"inLanguage\":\"tr\"},{\"@type\":[\"Person\",\"Organization\"],\"@id\":\"https:\\\/\\\/www.samisamin.com\\\/#\\\/schema\\\/person\\\/e160c760103b8eb60455d641de09d996\",\"name\":\"Sami Samin\",\"image\":{\"@type\":\"ImageObject\",\"inLanguage\":\"tr\",\"@id\":\"https:\\\/\\\/www.samisamin.com\\\/wp-content\\\/uploads\\\/2021\\\/10\\\/IMG_0908f-scaled.jpg\",\"url\":\"https:\\\/\\\/www.samisamin.com\\\/wp-content\\\/uploads\\\/2021\\\/10\\\/IMG_0908f-scaled.jpg\",\"contentUrl\":\"https:\\\/\\\/www.samisamin.com\\\/wp-content\\\/uploads\\\/2021\\\/10\\\/IMG_0908f-scaled.jpg\",\"width\":2093,\"height\":2560,\"caption\":\"Sami Samin\"},\"logo\":{\"@id\":\"https:\\\/\\\/www.samisamin.com\\\/wp-content\\\/uploads\\\/2021\\\/10\\\/IMG_0908f-scaled.jpg\"},\"sameAs\":[\"https:\\\/\\\/samisamin.com\"]}]}<\/script>\n<!-- \/ Yoast SEO Premium plugin. -->","yoast_head_json":{"title":"Burun Esteti\u011fi - Sami Samin","robots":{"index":"index","follow":"follow","max-snippet":"max-snippet:-1","max-image-preview":"max-image-preview:large","max-video-preview":"max-video-preview:-1"},"canonical":"https:\/\/www.samisamin.com\/tr\/burun-estetigi\/","og_locale":"tr_TR","og_type":"article","og_title":"Burun Esteti\u011fi","og_description":"[vc_section text_align=&#8221;center-md-sm-ms&#8221;][vc_row][vc_column][\/vc_column][\/vc_row][vc_row][vc_column text_align=&#8221;center-md-sm-ms&#8221; offset=&#8221;vc_col-lg-6&#8243;][\/vc_column][vc_column offset=&#8221;vc_col-lg-6&#8243;][vc_single_image image=&#8221;6725&#8243; img_size=&#8221;large&#8221; alignment=&#8221;right&#8221;][\/vc_column][\/vc_row][\/vc_section]","og_url":"https:\/\/www.samisamin.com\/tr\/burun-estetigi\/","og_site_name":"Sami Samin","article_modified_time":"2021-03-02T07:55:20+00:00","twitter_card":"summary_large_image","twitter_misc":{"Tahmini okuma s\u00fcresi":"3 dakika"},"schema":{"@context":"https:\/\/schema.org","@graph":[{"@type":"WebPage","@id":"https:\/\/www.samisamin.com\/tr\/burun-estetigi\/","url":"https:\/\/www.samisamin.com\/tr\/burun-estetigi\/","name":"Burun Esteti\u011fi - Sami Samin","isPartOf":{"@id":"https:\/\/www.samisamin.com\/#website"},"datePublished":"2021-03-02T07:36:16+00:00","dateModified":"2021-03-02T07:55:20+00:00","breadcrumb":{"@id":"https:\/\/www.samisamin.com\/tr\/burun-estetigi\/#breadcrumb"},"inLanguage":"tr","potentialAction":[{"@type":"ReadAction","target":["https:\/\/www.samisamin.com\/tr\/burun-estetigi\/"]}]},{"@type":"BreadcrumbList","@id":"https:\/\/www.samisamin.com\/tr\/burun-estetigi\/#breadcrumb","itemListElement":[{"@type":"ListItem","position":1,"name":"Sami Samin","item":"https:\/\/www.samisamin.com\/tr\/"},{"@type":"ListItem","position":2,"name":"Burun Esteti\u011fi"}]},{"@type":"WebSite","@id":"https:\/\/www.samisamin.com\/#website","url":"https:\/\/www.samisamin.com\/","name":"Sami Samin","description":"Estetik Cerrahi","publisher":{"@id":"https:\/\/www.samisamin.com\/#\/schema\/person\/e160c760103b8eb60455d641de09d996"},"potentialAction":[{"@type":"SearchAction","target":{"@type":"EntryPoint","urlTemplate":"https:\/\/www.samisamin.com\/?s={search_term_string}"},"query-input":{"@type":"PropertyValueSpecification","valueRequired":true,"valueName":"search_term_string"}}],"inLanguage":"tr"},{"@type":["Person","Organization"],"@id":"https:\/\/www.samisamin.com\/#\/schema\/person\/e160c760103b8eb60455d641de09d996","name":"Sami Samin","image":{"@type":"ImageObject","inLanguage":"tr","@id":"https:\/\/www.samisamin.com\/wp-content\/uploads\/2021\/10\/IMG_0908f-scaled.jpg","url":"https:\/\/www.samisamin.com\/wp-content\/uploads\/2021\/10\/IMG_0908f-scaled.jpg","contentUrl":"https:\/\/www.samisamin.com\/wp-content\/uploads\/2021\/10\/IMG_0908f-scaled.jpg","width":2093,"height":2560,"caption":"Sami Samin"},"logo":{"@id":"https:\/\/www.samisamin.com\/wp-content\/uploads\/2021\/10\/IMG_0908f-scaled.jpg"},"sameAs":["https:\/\/samisamin.com"]}]}},"_links":{"self":[{"href":"https:\/\/www.samisamin.com\/tr\/wp-json\/wp\/v2\/pages\/7089","targetHints":{"allow":["GET"]}}],"collection":[{"href":"https:\/\/www.samisamin.com\/tr\/wp-json\/wp\/v2\/pages"}],"about":[{"href":"https:\/\/www.samisamin.com\/tr\/wp-json\/wp\/v2\/types\/page"}],"author":[{"embeddable":true,"href":"https:\/\/www.samisamin.com\/tr\/wp-json\/wp\/v2\/users\/3"}],"replies":[{"embeddable":true,"href":"https:\/\/www.samisamin.com\/tr\/wp-json\/wp\/v2\/comments?post=7089"}],"version-history":[{"count":0,"href":"https:\/\/www.samisamin.com\/tr\/wp-json\/wp\/v2\/pages\/7089\/revisions"}],"wp:attachment":[{"href":"https:\/\/www.samisamin.com\/tr\/wp-json\/wp\/v2\/media?parent=7089"}],"curies":[{"name":"wp","href":"https:\/\/api.w.org\/{rel}","templated":true}]}}